{"id":2,"date":"2008-06-11T19:24:14","date_gmt":"2008-06-12T00:24:14","guid":{"rendered":"http:\/\/www.pybio.org\/?page_id=2"},"modified":"2011-03-31T16:14:51","modified_gmt":"2011-03-31T21:14:51","slug":"paraguay-biodiversidad","status":"publish","type":"page","link":"https:\/\/www.pybio.org\/de\/","title":{"rendered":"Paraguay Biodiversit\u00e4t"},"content":{"rendered":"<p>Paraguay Biodiversit\u00e4t ist eine unabh\u00e4ngige, gemeinn\u00fctzige Organisation, die sich der Erforschung von Fauna und Flora widmet. Die Seite bietet Bilder, Karten und biogeographische und \u00f6kologische Daten von Tieren und Pflanzen in Paraguay.<\/p>","protected":false},"excerpt":{"rendered":"<p>Paraguay Biodiversit\u00e4t ist eine unabh\u00e4ngige, gemeinn\u00fctzige Organisation, die sich der Erforschung von Fauna und Flora widmet. Die Seite bietet Bilder, Karten und biogeographische und \u00f6kologische Daten von Tieren und Pflanzen in Paraguay.<\/p>\n","protected":false},"author":1,"featured_media":0,"parent":0,"menu_order":0,"comment_status":"open","ping_status":"open","template":"","meta":{"footnotes":""},"class_list":["post-2","page","type-page","status-publish","hentry"],"_links":{"self":[{"href":"https:\/\/www.pybio.org\/de\/wp-json\/wp\/v2\/pages\/2","targetHints":{"allow":["GET"]}}],"collection":[{"href":"https:\/\/www.pybio.org\/de\/wp-json\/wp\/v2\/pages"}],"about":[{"href":"https:\/\/www.pybio.org\/de\/wp-json\/wp\/v2\/types\/page"}],"author":[{"embeddable":true,"href":"https:\/\/www.pybio.org\/de\/wp-json\/wp\/v2\/users\/1"}],"replies":[{"embeddable":true,"href":"https:\/\/www.pybio.org\/de\/wp-json\/wp\/v2\/comments?post=2"}],"version-history":[{"count":6,"href":"https:\/\/www.pybio.org\/de\/wp-json\/wp\/v2\/pages\/2\/revisions"}],"predecessor-version":[{"id":16417,"href":"https:\/\/www.pybio.org\/de\/wp-json\/wp\/v2\/pages\/2\/revisions\/16417"}],"wp:attachment":[{"href":"https:\/\/www.pybio.org\/de\/wp-json\/wp\/v2\/media?parent=2"}],"curies":[{"name":"wp","href":"https:\/\/api.w.org\/{rel}","templated":true}]}}